{"id":15,"date":"2018-08-08T21:27:37","date_gmt":"2018-08-09T00:27:37","guid":{"rendered":"http:\/\/www.aw-tech.com.ar\/?page_id=15"},"modified":"2018-08-08T21:32:49","modified_gmt":"2018-08-09T00:32:49","slug":"una-seccion-de-la-pagina-principal","status":"publish","type":"page","link":"https:\/\/awsistemas.com.ar\/index.php\/una-seccion-de-la-pagina-principal\/","title":{"rendered":"Soporte de Sistemas"},"content":{"rendered":"<div><span class=\"ws8\" style=\"color: #808080; font-family: Tahoma;\">Nos dedicamos a brindar servicios a peque\u00f1as y medianas empresas en el rubro de mantenimiento e instalaci\u00f3n de las redes inform\u00e1ticas.<\/span><\/div>\n<div><span class=\"ws8\" style=\"color: #808080; font-family: Tahoma;\">Ayudamos a mantener el funcionamiento correcto de todos sus sistemas y los asesoramos en los \u00faltimos aspectos tecnol\u00f3gicos.<\/span><\/div>\n","protected":false},"excerpt":{"rendered":"<p>Nos dedicamos a brindar servicios a peque\u00f1as y medianas empresas en el rubro de mantenimiento e instalaci\u00f3n de las redes inform\u00e1ticas. Ayudamos a mantener el funcionamiento correcto de todos sus sistemas y los asesoramos en los \u00faltimos aspectos tecnol\u00f3gicos.<\/p>\n","protected":false},"author":1,"featured_media":0,"parent":0,"menu_order":0,"comment_status":"closed","ping_status":"closed","template":"","meta":{"footnotes":""},"class_list":["post-15","page","type-page","status-publish","hentry"],"_links":{"self":[{"href":"https:\/\/awsistemas.com.ar\/index.php\/wp-json\/wp\/v2\/pages\/15","targetHints":{"allow":["GET"]}}],"collection":[{"href":"https:\/\/awsistemas.com.ar\/index.php\/wp-json\/wp\/v2\/pages"}],"about":[{"href":"https:\/\/awsistemas.com.ar\/index.php\/wp-json\/wp\/v2\/types\/page"}],"author":[{"embeddable":true,"href":"https:\/\/awsistemas.com.ar\/index.php\/wp-json\/wp\/v2\/users\/1"}],"replies":[{"embeddable":true,"href":"https:\/\/awsistemas.com.ar\/index.php\/wp-json\/wp\/v2\/comments?post=15"}],"version-history":[{"count":3,"href":"https:\/\/awsistemas.com.ar\/index.php\/wp-json\/wp\/v2\/pages\/15\/revisions"}],"predecessor-version":[{"id":38,"href":"https:\/\/awsistemas.com.ar\/index.php\/wp-json\/wp\/v2\/pages\/15\/revisions\/38"}],"wp:attachment":[{"href":"https:\/\/awsistemas.com.ar\/index.php\/wp-json\/wp\/v2\/media?parent=15"}],"curies":[{"name":"wp","href":"https:\/\/api.w.org\/{rel}","templated":true}]}}